{"id":11,"date":"2026-02-13T06:51:02","date_gmt":"2026-02-13T06:51:02","guid":{"rendered":"https:\/\/red-boar-330824.hostingersite.com\/contact\/"},"modified":"2026-03-25T07:34:45","modified_gmt":"2026-03-25T07:34:45","slug":"contact","status":"publish","type":"page","link":"https:\/\/daphneleonlogistics.com\/tr\/contact\/","title":{"rendered":"Temas etmek"},"content":{"rendered":"<!-- ============================================\r\n       HEADER - WordPress header.php ready\r\n       ============================================ -->\r\n    \r\n\r\n    <main>\r\n        <!-- Page Banner -->\r\n        <section class=\"uuyyye-page-banner\">\r\n            <div class=\"uuyyye-container\">\r\n                \r\n                <h1 class=\"uuyyye-heading-xl uuyyye-page-title\">Bize Ula\u015f\u0131n<\/h1>\r\n                <p class=\"uuyyye-page-subtitle\">Ekibimizle ileti\u015fime ge\u00e7in.<\/p>\r\n            <\/div>\r\n        <\/section>\r\n\r\n        <!-- Contact Section -->\r\n        <section class=\"uuyyye-section uuyyye-contact\">\r\n            <div class=\"uuyyye-container\">\r\n                <div class=\"uuyyye-contact-grid\">\r\n                    <!-- Contact Form -->\r\n                    <div class=\"uuyyye-contact-form-wrapper\">\r\n                        <h2 style=\"font-size: 1.5rem; margin-bottom: 24px;\">Bize mesaj g\u00f6nderin<\/h2>\r\n                        <form id=\"contactForm\" action=\"\">\r\n                            <div class=\"uuyyye-form-row\">\r\n                                <div class=\"uuyyye-form-group\">\r\n                                    <label for=\"firstName\" class=\"uuyyye-form-label\">\u0130lk ad\u0131 *<\/label>\r\n                                    <input type=\"text\" id=\"firstName\" name=\"firstName\" class=\"uuyyye-form-input\" required>\r\n                                <\/div>\r\n                                <div class=\"uuyyye-form-group\">\r\n                                    <label for=\"lastName\" class=\"uuyyye-form-label\">Soy isim *<\/label>\r\n                                    <input type=\"text\" id=\"lastName\" name=\"lastName\" class=\"uuyyye-form-input\" required>\r\n                                <\/div>\r\n                            <\/div>\r\n                            <div class=\"uuyyye-form-row\">\r\n                                <div class=\"uuyyye-form-group\">\r\n                                    <label for=\"email\" class=\"uuyyye-form-label\">E-posta *<\/label>\r\n                                    <input type=\"email\" id=\"email\" name=\"email\" class=\"uuyyye-form-input\" required>\r\n                                <\/div>\r\n                                <div class=\"uuyyye-form-group\">\r\n                                    <label for=\"phone\" class=\"uuyyye-form-label\">Telefon<\/label>\r\n                                    <input type=\"tel\" id=\"phone\" name=\"phone\" class=\"uuyyye-form-input\">\r\n                                <\/div>\r\n                            <\/div>\r\n                            <div class=\"uuyyye-form-group\">\r\n                                <label for=\"subject\" class=\"uuyyye-form-label\">Ders<\/label>\r\n                                <select id=\"subject\" name=\"subject\" class=\"uuyyye-form-select\">\r\n                                    <option value=\"\">Konu se\u00e7in<\/option>\r\n                                    <option value=\"general\">Genel Soru\u015fturma<\/option>\r\n                                    <option value=\"quote\">Teklif Talebi<\/option>\r\n                                    <option value=\"tracking\">G\u00f6nderi Takibi<\/option>\r\n                                    <option value=\"other\">Di\u011fer<\/option>\r\n                                <\/select>\r\n                            <\/div>\r\n                            <div class=\"uuyyye-form-group\">\r\n                                <label for=\"message\" class=\"uuyyye-form-label\">Mesaj *<\/label>\r\n                                <textarea id=\"message\" name=\"message\" class=\"uuyyye-form-textarea\" required placeholder=\"Size nas\u0131l yard\u0131mc\u0131 olabiliriz?\"><\/textarea>\r\n                            <\/div>\r\n                            <button type=\"submit\" class=\"uuyyye-btn uuyyye-btn-primary\" style=\"width: 100%;\">\r\n                                <svg width=\"20\" height=\"20\" viewbox=\"0 0 24 24\" fill=\"currentColor\">\r\n                                    <path d=\"M2.01 21L23 12 2.01 3 2 10l15 2-15 2z\"><\/path>\r\n                                <\/svg>\r\n                                Mesaj G\u00f6nder\r\n                            <\/button>\r\n                        <input type=\"hidden\" name=\"trp-form-language\" value=\"tr\"\/><\/form>\r\n                    <\/div>\r\n\r\n                    <!-- Contact Info -->\r\n                    <div class=\"uuyyye-contact-info\">\r\n                        <div class=\"uuyyye-contact-info-item\">\r\n                            <div class=\"uuyyye-contact-icon\">\r\n                                <svg viewbox=\"0 0 24 24\">\r\n                                    <path d=\"M12 2C8.13 2 5 5.13 5 9c0 5.25 7 13 7 13s7-7.75 7-13c0-3.87-3.13-7-7-7zm0 9.5c-1.38 0-2.5-1.12-2.5-2.5s1.12-2.5 2.5-2.5 2.5 1.12 2.5 2.5-1.12 2.5-2.5 2.5z\"><\/path>\r\n                                <\/svg>\r\n                            <\/div>\r\n                            <div>\r\n                                <h4 class=\"uuyyye-contact-info-title\">T\u00fcrkiye Ofisi<\/h4>\r\n                                <p class=\"uuyyye-contact-info-text\">Bah\u00e7e\u015fehir 2. K\u0131s\u0131m, <br>34488 Ba\u015fak\u015fehir\/\u0130stanbul<\/p>\r\n                            <\/div>\r\n                        <\/div>\r\n\r\n                        <div class=\"uuyyye-contact-info-item\">\r\n                            <div class=\"uuyyye-contact-icon\">\r\n                                <svg viewbox=\"0 0 24 24\">\r\n                                    <path d=\"M20 4H4c-1.1 0-1.99.9-1.99 2L2 18c0 1.1.9 2 2 2h16c1.1 0 2-.9 2-2V6c0-1.1-.9-2-2-2zm0 4l-8 5-8-5V6l8 5 8-5v2z\"><\/path>\r\n                                <\/svg>\r\n                            <\/div>\r\n                            <div>\r\n                                <h4 class=\"uuyyye-contact-info-title\">Bize e-posta g\u00f6nderin<\/h4>\r\n                                <p class=\"uuyyye-contact-info-text\">info@daphnelogistics.com<\/p>\r\n                            <\/div>\r\n                        <\/div>\r\n\r\n                        <div class=\"uuyyye-contact-info-item\">\r\n                            <div class=\"uuyyye-contact-icon\">\r\n                                <svg viewbox=\"0 0 24 24\">\r\n                                    <path d=\"M6.62 10.79c1.44 2.83 3.76 5.14 6.59 6.59l2.2-2.2c.27-.27.67-.36 1.02-.24 1.12.37 2.33.57 3.57.57.55 0 1 .45 1 1V20c0 .55-.45 1-1 1-9.39 0-17-7.61-17-17 0-.55.45-1 1-1h3.5c.55 0 1 .45 1 1 0 1.25.2 2.45.57 3.57.11.35.03.74-.25 1.02l-2.2 2.2z\"><\/path>\r\n                                <\/svg>\r\n                            <\/div>\r\n                            <div>\r\n                                <h4 class=\"uuyyye-contact-info-title\">Bizi Aray\u0131n<\/h4>\r\n                                <p class=\"uuyyye-contact-info-text\">+90 212 999 45 00<br>Pazartesi &#8211; Cuma: 09:00 &#8211; 18:00<\/p>\r\n                            <\/div>\r\n                        <\/div>\r\n\r\n                        <!-- Google Maps -->\r\n                        <div class=\"uuyyye-map-wrapper\">\r\n                            <iframe src=\"https:\/\/www.google.com\/maps\/embed?pb=!1m18!1m12!1m3!1d2482.902047988825!2d-0.12775882341844024!3d51.51965507181474!2m3!1f0!2f0!3f0!3m2!1i1024!2i768!4f13.1!3m3!1m2!1s0x48761b2f69173579%3A0x5c84b67e11e8f9f7!2s27%20Old%20Gloucester%20St%2C%20London%20WC1N%203AX%2C%20UK!5e0!3m2!1sen!2s!4v1706284800000!5m2!1sen!2s\" allowfullscreen=\"\" loading=\"lazy\" referrerpolicy=\"no-referrer-when-downgrade\" title=\"Daphneleon Logistics \u0130ngiltere Ofisi Konumu\">\r\n                            <\/iframe>\r\n                        <\/div>\r\n                    <\/div>\r\n                <\/div>\r\n            <\/div>\r\n        <\/section>\r\n    <\/main>\r\n\r\n    <!-- ============================================\r\n       FOOTER - WordPress footer.php ready\r\n       ============================================ -->\r\n    \r\n\r\n    <!-- ============================================\r\n       WHATSAPP FLOATING BUTTON\r\n       ============================================ -->\r\n    <div class=\"uuyyye-whatsapp\">\r\n        \r\n    <\/div>\r\n\r\n    <!-- JavaScript -->","protected":false},"excerpt":{"rendered":"<p>Contact Us Get in touch with our team Send us a Message First Name * Last Name * Email * Phone Subject Select subjectGeneral EnquiryQuote&#8230;<\/p>","protected":false},"author":1,"featured_media":0,"parent":0,"menu_order":0,"comment_status":"closed","ping_status":"closed","template":"template-raw.php","meta":{"footnotes":""},"class_list":["post-11","page","type-page","status-publish","hentry"],"_links":{"self":[{"href":"https:\/\/daphneleonlogistics.com\/tr\/wp-json\/wp\/v2\/pages\/11","targetHints":{"allow":["GET"]}}],"collection":[{"href":"https:\/\/daphneleonlogistics.com\/tr\/wp-json\/wp\/v2\/pages"}],"about":[{"href":"https:\/\/daphneleonlogistics.com\/tr\/wp-json\/wp\/v2\/types\/page"}],"author":[{"embeddable":true,"href":"https:\/\/daphneleonlogistics.com\/tr\/wp-json\/wp\/v2\/users\/1"}],"replies":[{"embeddable":true,"href":"https:\/\/daphneleonlogistics.com\/tr\/wp-json\/wp\/v2\/comments?post=11"}],"version-history":[{"count":7,"href":"https:\/\/daphneleonlogistics.com\/tr\/wp-json\/wp\/v2\/pages\/11\/revisions"}],"predecessor-version":[{"id":173,"href":"https:\/\/daphneleonlogistics.com\/tr\/wp-json\/wp\/v2\/pages\/11\/revisions\/173"}],"wp:attachment":[{"href":"https:\/\/daphneleonlogistics.com\/tr\/wp-json\/wp\/v2\/media?parent=11"}],"curies":[{"name":"wp","href":"https:\/\/api.w.org\/{rel}","templated":true}]}}