{"id":12,"date":"2026-02-13T06:51:02","date_gmt":"2026-02-13T06:51:02","guid":{"rendered":"https:\/\/red-boar-330824.hostingersite.com\/corporate\/"},"modified":"2026-02-26T06:24:23","modified_gmt":"2026-02-26T06:24:23","slug":"corporate","status":"publish","type":"page","link":"https:\/\/daphneleonlogistics.com\/tr\/corporate\/","title":{"rendered":"Kurumsal"},"content":{"rendered":"<!-- ============================================\r\n       HEADER - WordPress header.php ready\r\n       ============================================ -->\r\n    \r\n\r\n    <main>\r\n        <section class=\"uuyyye-page-banner\">\r\n            <div class=\"uuyyye-container\">\r\n                \r\n                <h1 class=\"uuyyye-heading-xl uuyyye-page-title\">Kurumsal<\/h1>\r\n                <p class=\"uuyyye-page-subtitle\">Sertifikalar\u0131m\u0131z ve sekt\u00f6r \u00fcyeliklerimiz<\/p>\r\n            <\/div>\r\n        <\/section>\r\n\r\n        <!-- BIFA Section -->\r\n        <section class=\"uuyyye-corporate-section\" id=\"bifa\">\r\n            <div class=\"uuyyye-container\">\r\n                <div class=\"uuyyye-cert-detail\">\r\n                    <div class=\"uuyyye-cert-image\"><img decoding=\"async\" src=\"https:\/\/daphneleonlogistics.com\/wp-content\/uploads\/2026\/02\/2-9.jpg\" alt=\"BIFA Member\"><\/div>\r\n                    <div class=\"uuyyye-cert-content\">\r\n                        <h2>BIFA \u00dcyesi<\/h2>\r\n                        <p>Daphneleon Logistics, uluslararas\u0131 ta\u015f\u0131mac\u0131l\u0131kta her t\u00fcrl\u00fc ula\u015f\u0131m y\u00f6ntemiyle faaliyet g\u00f6steren \u0130ngiltere&#039;de kay\u0131tl\u0131 \u015firketlerin ticaret birli\u011fi olan \u0130ngiliz Uluslararas\u0131 Nakliye Birli\u011fi&#039;nin (BIFA) gururlu bir \u00fcyesidir.<\/p>\r\n                        <p>BIFA \u00fcyeli\u011fi, profesyonel standartlara, etik i\u015f uygulamalar\u0131na ve m\u00fc\u015fteri hizmetlerinde m\u00fckemmelli\u011fe olan ba\u011fl\u0131l\u0131\u011f\u0131m\u0131z\u0131 g\u00f6stermektedir. BIFA \u00fcyesi olarak, BIFA Standart Ticaret Ko\u015fullar\u0131na uymaktay\u0131z ve bu da size ek koruma ve g\u00f6n\u00fcl rahatl\u0131\u011f\u0131 sa\u011flamaktad\u0131r.<\/p>\r\n                        <a href=\"https:\/\/bifa.org\/wp-content\/uploads\/2023\/08\/BIFA-STC-2021-England-Edition-1A4-Members-Only.pdf\" target=\"_blank\" class=\"uuyyye-download-btn\">\r\n                            <svg viewbox=\"0 0 24 24\">\r\n                                <path d=\"M19 9h-4V3H9v6H5l7 7 7-7zM5 18v2h14v-2H5z\"><\/path>\r\n                            <\/svg>\r\n                            BIFA STC PDF dosyas\u0131n\u0131 indirin\r\n                        <\/a>\r\n                    <\/div>\r\n                <\/div>\r\n            <\/div>\r\n        <\/section>\r\n\r\n        <!-- FIATA Section -->\r\n        <section class=\"uuyyye-corporate-section\" id=\"fiata\">\r\n            <div class=\"uuyyye-container\">\r\n                <div class=\"uuyyye-cert-detail reverse\">\r\n                    <div class=\"uuyyye-cert-image\"><img decoding=\"async\" src=\"https:\/\/daphneleonlogistics.com\/wp-content\/uploads\/2026\/02\/2-9.jpg\" alt=\"FIATA Certified\"><\/div>\r\n                    <div class=\"uuyyye-cert-content\">\r\n                        <h2>FIATA Sertifikal\u0131<\/h2>\r\n                        <p>Ta\u015f\u0131mac\u0131l\u0131k ve lojistik alan\u0131ndaki en b\u00fcy\u00fck sivil toplum kurulu\u015fu olan FIATA (Uluslararas\u0131 Nakliye Acenteleri Birli\u011fi) taraf\u0131ndan sertifikaland\u0131r\u0131lm\u0131\u015f bulunmaktay\u0131z.<\/p>\r\n                        <p>FIATA sertifikas\u0131, k\u00fcresel nakliye sekt\u00f6r\u00fcn\u00fc temsil eder ve uluslararas\u0131 en iyi uygulamalara g\u00f6re faaliyet g\u00f6stermemizi sa\u011flar. Personelimiz, uluslararas\u0131 nakliye alan\u0131ndaki uzmanl\u0131klar\u0131n\u0131 g\u00f6steren FIATA diplomalar\u0131na sahiptir.<\/p>\r\n                        <p>Bu sertifika, FIATA \u00c7ok Modlu Ta\u015f\u0131mac\u0131l\u0131k Kon\u015fimentosu (FBL) ve FIATA Sevk Talimatlar\u0131 (FFI) dahil olmak \u00fczere d\u00fcnya \u00e7ap\u0131nda tan\u0131nan FIATA belgelerini d\u00fczenlememizi sa\u011flar.<\/p>\r\n                    <\/div>\r\n                <\/div>\r\n            <\/div>\r\n        <\/section>\r\n\r\n        <!-- Other Certifications -->\r\n        <section class=\"uuyyye-corporate-section\">\r\n            <div class=\"uuyyye-container\">\r\n                <div class=\"uuyyye-section-header\">\r\n                    <h2 class=\"uuyyye-heading-lg uuyyye-section-title\">Di\u011fer Sertifikalar<\/h2>\r\n                    <p class=\"uuyyye-section-subtitle\">Kaliteye olan ba\u011fl\u0131l\u0131\u011f\u0131m\u0131z\u0131 g\u00f6steren ek akreditasyonlar.\r\n                    <\/p>\r\n                <\/div>\r\n                <div class=\"uuyyye-grid uuyyye-grid-3\" style=\"max-width: 900px; margin: 0 auto;\">\r\n                    <div class=\"uuyyye-cert-item\">\r\n                        <div class=\"uuyyye-cert-logo\">ISO<\/div>\r\n                        <div class=\"uuyyye-cert-info\">\r\n                            <h4>ISO 9001:2015<\/h4>\r\n                            <p>Kalite Y\u00f6netim Sistemi<\/p>\r\n                        <\/div>\r\n                    <\/div>\r\n                    <div class=\"uuyyye-cert-item\">\r\n                        <div class=\"uuyyye-cert-logo\">AEO<\/div>\r\n                        <div class=\"uuyyye-cert-info\">\r\n                            <h4>AEO Durumu<\/h4>\r\n                            <p>Yetkilendirilmi\u015f Ekonomik Operat\u00f6r<\/p>\r\n                        <\/div>\r\n                    <\/div>\r\n                    <div class=\"uuyyye-cert-item\">\r\n                        <div class=\"uuyyye-cert-logo\">GSY\u0130H<\/div>\r\n                        <div class=\"uuyyye-cert-info\">\r\n                            <h4>GDP Sertifikal\u0131<\/h4>\r\n                            <p>\u0130yi Da\u011f\u0131t\u0131m Uygulamalar\u0131<\/p>\r\n                        <\/div>\r\n                    <\/div>\r\n                <\/div>\r\n            <\/div>\r\n        <\/section>\r\n    <\/main>\r\n\r\n    <!-- ============================================\r\n       FOOTER - WordPress footer.php ready\r\n       ============================================ -->\r\n    \r\n\r\n    <div class=\"uuyyye-whatsapp\">\r\n        \r\n    <\/div>","protected":false},"excerpt":{"rendered":"<p>Corporate Our certifications and industry memberships BIFA Member Daphneleon Logistics is a proud member of the British International Freight Association (BIFA), the trade association for&#8230;<\/p>","protected":false},"author":1,"featured_media":0,"parent":0,"menu_order":0,"comment_status":"closed","ping_status":"closed","template":"template-raw.php","meta":{"footnotes":""},"class_list":["post-12","page","type-page","status-publish","hentry"],"_links":{"self":[{"href":"https:\/\/daphneleonlogistics.com\/tr\/wp-json\/wp\/v2\/pages\/12","targetHints":{"allow":["GET"]}}],"collection":[{"href":"https:\/\/daphneleonlogistics.com\/tr\/wp-json\/wp\/v2\/pages"}],"about":[{"href":"https:\/\/daphneleonlogistics.com\/tr\/wp-json\/wp\/v2\/types\/page"}],"author":[{"embeddable":true,"href":"https:\/\/daphneleonlogistics.com\/tr\/wp-json\/wp\/v2\/users\/1"}],"replies":[{"embeddable":true,"href":"https:\/\/daphneleonlogistics.com\/tr\/wp-json\/wp\/v2\/comments?post=12"}],"version-history":[{"count":10,"href":"https:\/\/daphneleonlogistics.com\/tr\/wp-json\/wp\/v2\/pages\/12\/revisions"}],"predecessor-version":[{"id":137,"href":"https:\/\/daphneleonlogistics.com\/tr\/wp-json\/wp\/v2\/pages\/12\/revisions\/137"}],"wp:attachment":[{"href":"https:\/\/daphneleonlogistics.com\/tr\/wp-json\/wp\/v2\/media?parent=12"}],"curies":[{"name":"wp","href":"https:\/\/api.w.org\/{rel}","templated":true}]}}