{"id":15,"date":"2026-02-13T06:51:02","date_gmt":"2026-02-13T06:51:02","guid":{"rendered":"https:\/\/red-boar-330824.hostingersite.com\/quote\/"},"modified":"2026-02-14T10:58:38","modified_gmt":"2026-02-14T10:58:38","slug":"quote","status":"publish","type":"page","link":"https:\/\/daphneleonlogistics.com\/tr\/quote\/","title":{"rendered":"Al\u0131nt\u0131"},"content":{"rendered":"<!-- ============================================\r\n       HEADER - WordPress header.php ready\r\n       ============================================ -->\r\n    \r\n\r\n    <main>\r\n \r\n        <section class=\"uuyyye-section uuyyye-quote-section\">\r\n            <div class=\"uuyyye-container\">\r\n                <div class=\"uuyyye-quote-form-wrapper\">\r\n                    <div class=\"uuyyye-quote-form-title\">\r\n                        <h2 class=\"uuyyye-heading-md\">\u00dccretsiz fiyat teklifi isteyin<\/h2>\r\n                        <p style=\"color: var(--uuyyye-gray); margin-top: 10px;\">A\u015fa\u011f\u0131daki formu doldurun, 24 saat i\u00e7inde sizinle ileti\u015fime ge\u00e7ece\u011fiz.<\/p>\r\n                    <\/div>\r\n\r\n                    <form id=\"quoteForm\" action=\"\">\r\n                        <!-- Contact Information -->\r\n                        <div class=\"uuyyye-form-section\">\r\n                            <h3 class=\"uuyyye-form-section-title\">\u0130leti\u015fim Bilgileri<\/h3>\r\n                            <div class=\"uuyyye-form-row\">\r\n                                <div class=\"uuyyye-form-group\">\r\n                                    <label for=\"firstName\" class=\"uuyyye-form-label\">\u0130lk ad\u0131 *<\/label>\r\n                                    <input type=\"text\" id=\"firstName\" name=\"firstName\" class=\"uuyyye-form-input\" required>\r\n                                <\/div>\r\n                                <div class=\"uuyyye-form-group\">\r\n                                    <label for=\"lastName\" class=\"uuyyye-form-label\">Soy isim *<\/label>\r\n                                    <input type=\"text\" id=\"lastName\" name=\"lastName\" class=\"uuyyye-form-input\" required>\r\n                                <\/div>\r\n                            <\/div>\r\n                            <div class=\"uuyyye-form-row\">\r\n                                <div class=\"uuyyye-form-group\">\r\n                                    <label for=\"email\" class=\"uuyyye-form-label\">E-posta Adresi *<\/label>\r\n                                    <input type=\"email\" id=\"email\" name=\"email\" class=\"uuyyye-form-input\" required>\r\n                                <\/div>\r\n                                <div class=\"uuyyye-form-group\">\r\n                                    <label for=\"phone\" class=\"uuyyye-form-label\">Telefon Numaras\u0131 *<\/label>\r\n                                    <input type=\"tel\" id=\"phone\" name=\"phone\" class=\"uuyyye-form-input\" required>\r\n                                <\/div>\r\n                            <\/div>\r\n                            <div class=\"uuyyye-form-group\">\r\n                                <label for=\"company\" class=\"uuyyye-form-label\">Firma Ad\u0131<\/label>\r\n                                <input type=\"text\" id=\"company\" name=\"company\" class=\"uuyyye-form-input\">\r\n                            <\/div>\r\n                        <\/div>\r\n\r\n                        <!-- Shipment Details -->\r\n                        <div class=\"uuyyye-form-section\">\r\n                            <h3 class=\"uuyyye-form-section-title\">G\u00f6nderi Detaylar\u0131<\/h3>\r\n                            <div class=\"uuyyye-form-row\">\r\n                                <div class=\"uuyyye-form-group\">\r\n                                    <label for=\"serviceType\" class=\"uuyyye-form-label\">Hizmet T\u00fcr\u00fc *<\/label>\r\n                                    <select id=\"serviceType\" name=\"serviceType\" class=\"uuyyye-form-select\" required>\r\n                                        <option value=\"\">Hizmeti se\u00e7in<\/option>\r\n                                        <option value=\"road\">Karayolu Ta\u015f\u0131mac\u0131l\u0131\u011f\u0131<\/option>\r\n                                        <option value=\"sea\">Deniz Ta\u015f\u0131mac\u0131l\u0131\u011f\u0131<\/option>\r\n                                        <option value=\"air\">Hava Kargo<\/option>\r\n                                    <\/select>\r\n                                <\/div>\r\n                                <div class=\"uuyyye-form-group\">\r\n                                    <label for=\"loadType\" class=\"uuyyye-form-label\">Y\u00fck Tipi<\/label>\r\n                                    <select id=\"loadType\" name=\"loadType\" class=\"uuyyye-form-select\">\r\n                                        <option value=\"\">T\u00fcr se\u00e7in<\/option>\r\n                                        <option value=\"ftl\">Tam Y\u00fck (FTL\/FCL)<\/option>\r\n                                        <option value=\"ltl\">K\u0131smi Y\u00fck (LTL\/LCL)<\/option>\r\n                                    <\/select>\r\n                                <\/div>\r\n                            <\/div>\r\n                            <div class=\"uuyyye-form-row\">\r\n                                <div class=\"uuyyye-form-group\">\r\n                                    <label for=\"origin\" class=\"uuyyye-form-label\">K\u00f6ken (\u015eehir\/\u00dclke) *<\/label>\r\n                                    <input type=\"text\" id=\"origin\" name=\"origin\" class=\"uuyyye-form-input\" required>\r\n                                <\/div>\r\n                                <div class=\"uuyyye-form-group\">\r\n                                    <label for=\"destination\" class=\"uuyyye-form-label\">Var\u0131\u015f Yeri (\u015eehir\/\u00dclke) *<\/label>\r\n                                    <input type=\"text\" id=\"destination\" name=\"destination\" class=\"uuyyye-form-input\" required>\r\n                                <\/div>\r\n                            <\/div>\r\n                            <div class=\"uuyyye-form-row\">\r\n                                <div class=\"uuyyye-form-group\">\r\n                                    <label for=\"weight\" class=\"uuyyye-form-label\">Tahmini A\u011f\u0131rl\u0131k (kg)<\/label>\r\n                                    <input type=\"text\" id=\"weight\" name=\"weight\" class=\"uuyyye-form-input\">\r\n                                <\/div>\r\n                                <div class=\"uuyyye-form-group\">\r\n                                    <label for=\"dimensions\" class=\"uuyyye-form-label\">\u00d6l\u00e7\u00fcler (Uzunluk x Geni\u015flik x Y\u00fckseklik cm)<\/label>\r\n                                    <input type=\"text\" id=\"dimensions\" name=\"dimensions\" class=\"uuyyye-form-input\" placeholder=\"\u00d6rne\u011fin 120 x 80 x 100\">\r\n                                <\/div>\r\n                            <\/div>\r\n                        <\/div>\r\n\r\n                        <!-- Additional Information -->\r\n                        <div class=\"uuyyye-form-section\">\r\n                            <h3 class=\"uuyyye-form-section-title\">Ek Bilgiler<\/h3>\r\n                            <div class=\"uuyyye-form-group\">\r\n                                <label for=\"message\" class=\"uuyyye-form-label\">Mesaj \/ \u00d6zel Gereksinimler<\/label>\r\n                                <textarea id=\"message\" name=\"message\" class=\"uuyyye-form-textarea\" placeholder=\"L\u00fctfen g\u00f6nderiniz hakk\u0131nda daha fazla bilgi verin...\"><\/textarea>\r\n                            <\/div>\r\n                        <\/div>\r\n\r\n                        <button type=\"submit\" class=\"uuyyye-btn uuyyye-btn-primary\" style=\"width: 100%; padding: 18px;\">\r\n                            <svg width=\"20\" height=\"20\" viewbox=\"0 0 24 24\" fill=\"currentColor\">\r\n                                <path d=\"M2.01 21L23 12 2.01 3 2 10l15 2-15 2z\"><\/path>\r\n                            <\/svg>\r\n                            Teklif Talebi G\u00f6nder\r\n                        <\/button>\r\n                    <input type=\"hidden\" name=\"trp-form-language\" value=\"tr\"\/><\/form>\r\n                <\/div>\r\n            <\/div>\r\n        <\/section>\r\n    <\/main>\r\n\r\n    <!-- ============================================\r\n       FOOTER - WordPress footer.php ready\r\n       ============================================ -->\r\n    \r\n\r\n    <div class=\"uuyyye-whatsapp\">\r\n        \r\n    <\/div>","protected":false},"excerpt":{"rendered":"<p>Request Your Free Quote Complete the form below and we&#8217;ll get back to you within 24 hours Contact Information First Name * Last Name *&#8230;<\/p>","protected":false},"author":1,"featured_media":0,"parent":0,"menu_order":0,"comment_status":"closed","ping_status":"closed","template":"","meta":{"footnotes":""},"class_list":["post-15","page","type-page","status-publish","hentry"],"_links":{"self":[{"href":"https:\/\/daphneleonlogistics.com\/tr\/wp-json\/wp\/v2\/pages\/15","targetHints":{"allow":["GET"]}}],"collection":[{"href":"https:\/\/daphneleonlogistics.com\/tr\/wp-json\/wp\/v2\/pages"}],"about":[{"href":"https:\/\/daphneleonlogistics.com\/tr\/wp-json\/wp\/v2\/types\/page"}],"author":[{"embeddable":true,"href":"https:\/\/daphneleonlogistics.com\/tr\/wp-json\/wp\/v2\/users\/1"}],"replies":[{"embeddable":true,"href":"https:\/\/daphneleonlogistics.com\/tr\/wp-json\/wp\/v2\/comments?post=15"}],"version-history":[{"count":2,"href":"https:\/\/daphneleonlogistics.com\/tr\/wp-json\/wp\/v2\/pages\/15\/revisions"}],"predecessor-version":[{"id":73,"href":"https:\/\/daphneleonlogistics.com\/tr\/wp-json\/wp\/v2\/pages\/15\/revisions\/73"}],"wp:attachment":[{"href":"https:\/\/daphneleonlogistics.com\/tr\/wp-json\/wp\/v2\/media?parent=15"}],"curies":[{"name":"wp","href":"https:\/\/api.w.org\/{rel}","templated":true}]}}