{"id":16,"date":"2026-02-13T06:51:02","date_gmt":"2026-02-13T06:51:02","guid":{"rendered":"https:\/\/red-boar-330824.hostingersite.com\/road-freight\/"},"modified":"2026-03-25T07:23:18","modified_gmt":"2026-03-25T07:23:18","slug":"road-freight","status":"publish","type":"page","link":"https:\/\/daphneleonlogistics.com\/tr\/road-freight\/","title":{"rendered":"Karayolu Ta\u015f\u0131mac\u0131l\u0131\u011f\u0131"},"content":{"rendered":"<!-- ============================================\r\n       HEADER - WordPress header.php ready\r\n       ============================================ -->\r\n    \r\n\r\n    <main>\r\n        <section class=\"uuyyye-page-banner uuyyye-page-banner-road\">\r\n            <div class=\"uuyyye-container\">\r\n                \r\n                <h1 class=\"uuyyye-heading-xl uuyyye-page-title\">Karayolu Ta\u015f\u0131mac\u0131l\u0131\u011f\u0131<\/h1>\r\n                <p class=\"uuyyye-page-subtitle\">Fransa, Almanya ve Benel\u00fcks \u00fclkelerine haftal\u0131k seferler, rekabet\u00e7i fiyatlarla.<\/p>\r\n            <\/div>\r\n        <\/section>\r\n\r\n        <section class=\"uuyyye-page-content\">\r\n            <div class=\"uuyyye-container\">\r\n                <div class=\"uuyyye-content-grid\">\r\n                    <div class=\"uuyyye-content-main\">\r\n                        <h2>Avrupa Karayolu Ta\u015f\u0131mac\u0131l\u0131\u011f\u0131 \u00c7\u00f6z\u00fcmleri<\/h2>\r\n                        <p>Daphne Leon Logistics, \u00f6zellikle Fransa, Almanya ve Benel\u00fcks \u00fclkeleri olmak \u00fczere Avrupa genelinde kapsaml\u0131 karayolu ta\u015f\u0131mac\u0131l\u0131\u011f\u0131 hizmetleri sunmaktad\u0131r. \u00d6zel filomuz ve g\u00fcvenilir i\u015f ortaklar\u0131m\u0131z, kargonuzun var\u0131\u015f noktas\u0131na g\u00fcvenli ve zaman\u0131nda ula\u015fmas\u0131n\u0131 sa\u011flar.\n                        <\/p>\r\n\r\n                        <img decoding=\"async\" src=\"https:\/\/daphneleonlogistics.com\/wp-content\/uploads\/2026\/02\/1-5.jpg\" alt=\"Road Freight Fleet\" style=\"border-radius: 16px; margin: 30px 0; width: 100%;\">\r\n\r\n                        <h3>Tam Y\u00fck (FTL) Hizmetleri<\/h3>\r\n                        <p>\u00d6zel ta\u015f\u0131ma gerektiren daha b\u00fcy\u00fck g\u00f6nderiler i\u00e7in, Komple Kamyon Y\u00fck\u00fc hizmetimiz, kargonuz i\u00e7in \u00f6zel bir ara\u00e7 kullan\u0131m\u0131 sunar. Bu, daha h\u0131zl\u0131 transit s\u00fcreleri ve daha az elle\u00e7leme sa\u011flar; bu da zamana duyarl\u0131 veya y\u00fcksek de\u011ferli mallar i\u00e7in idealdir.<\/p>\r\n\r\n                        <h3>K\u0131smi Y\u00fck (LTL) Hizmetleri<\/h3>\r\n                        <p>Tam bir kamyona ihtiyac\u0131n\u0131z olmad\u0131\u011f\u0131nda, K\u0131smi Y\u00fck hizmetimiz, g\u00f6nderinizi ayn\u0131 y\u00f6ne giden di\u011fer g\u00f6nderilerle birle\u015ftirerek uygun maliyetli bir \u00e7\u00f6z\u00fcm sunar. Sadece kulland\u0131\u011f\u0131n\u0131z alan i\u00e7in \u00f6deme yapars\u0131n\u0131z.<\/p>\r\n\r\n                        <h3>\u00d6nemli Destinasyonlar<\/h3>\r\n                        <ul>\r\n                            <li><strong>Fransa<\/strong> \u2013 Paris, Lyon, Marsilya ve Bordeaux dahil olmak \u00fczere Fransa&#039;n\u0131n t\u00fcm b\u00fcy\u00fck \u015fehirlerine d\u00fczenli haftal\u0131k seferler.<\/li>\r\n                            <li><strong>Almanya<\/strong> \u2013 Frankfurt, M\u00fcnih, Hamburg ve Berlin&#039;deki merkezleriyle Almanya genelinde kapsaml\u0131 hizmet.<\/li>\r\n                            <li><strong>Benel\u00fcks<\/strong> \u2013 Bel\u00e7ika, Hollanda ve L\u00fcksemburg&#039;a h\u0131zland\u0131r\u0131lm\u0131\u015f transit s\u00fcreleri ile<\/li>\r\n                            <li><strong>Birle\u015fik Krall\u0131k<\/strong> \u2013 Londra&#039;daki genel merkezimizden do\u011frudan ba\u011flant\u0131lar<\/li>\r\n                        <\/ul>\r\n\r\n                        <h3>Karayolu ta\u015f\u0131mac\u0131l\u0131\u011f\u0131m\u0131z\u0131 neden tercih etmelisiniz?<\/h3>\r\n                        <ul>\r\n                            <li>G\u00fcvenilir planlama i\u00e7in haftal\u0131k planlanm\u0131\u015f kalk\u0131\u015flar.<\/li>\r\n                            <li>Hem komple hem de k\u0131smi y\u00fckler i\u00e7in rekabet\u00e7i fiyatlar.<\/li>\r\n                            <li>Ger\u00e7ek zamanl\u0131 takip ve \u00f6zel ileti\u015fim<\/li>\r\n                            <li>Deneyimli s\u00fcr\u00fcc\u00fcler ve modern ara\u00e7 filosu<\/li>\r\n                            <li>S\u0131n\u0131r \u00f6tesi g\u00f6nderiler i\u00e7in g\u00fcmr\u00fckleme deste\u011fi<\/li>\r\n                            <li>Esnek teslim alma ve teslimat se\u00e7enekleri<\/li>\r\n                        <\/ul>\r\n\r\n                        <h3>\u0130leti\u015fime Ba\u011fl\u0131l\u0131k<\/h3>\r\n                        <p>G\u00f6nderiniz hakk\u0131nda bilgilendirilmenin \u00f6nemini anl\u0131yoruz. Ekibimiz d\u00fczenli olarak g\u00fcncellemeler sa\u011flar ve sorular\u0131n\u0131z\u0131 yan\u0131tlamak i\u00e7in her zaman haz\u0131rd\u0131r. Teslim alma an\u0131ndan teslimata kadar, kargonuzun yolculu\u011funun tamam\u0131na hakim olacaks\u0131n\u0131z.<\/p>\r\n\r\n                        <a href=\"\/quote.html\" class=\"uuyyye-btn uuyyye-btn-primary\" style=\"margin-top: 30px;\">\r\n                            Fiyat Teklifi \u0130steyin\r\n                            <svg width=\"20\" height=\"20\" viewbox=\"0 0 24 24\" fill=\"currentColor\">\r\n                                <path d=\"M12 4l-1.41 1.41L16.17 11H4v2h12.17l-5.58 5.59L12 20l8-8z\"><\/path>\r\n                            <\/svg>\r\n                        <\/a>\r\n                    <\/div>\r\n\r\n                    <aside class=\"uuyyye-sidebar\">\r\n                        <div class=\"uuyyye-sidebar-card\">\r\n                            <h3 class=\"uuyyye-sidebar-title\">Hizmetlerimiz<\/h3>\r\n                            <ul class=\"uuyyye-sidebar-links\">\r\n                                <li><a href=\"\/road-freight.html\" class=\"active\">\r\n                                        <svg viewbox=\"0 0 24 24\">\r\n                                            <path d=\"M18 18.5c.83 0 1.5-.67 1.5-1.5s-.67-1.5-1.5-1.5-1.5.67-1.5 1.5.67 1.5 1.5 1.5zM19.5 9.5l1.96 2.5H17V9.5h2.5m-13 9c.83 0 1.5-.67 1.5-1.5s-.67-1.5-1.5-1.5-1.5.67-1.5 1.5.67 1.5 1.5 1.5M20 8l3 4v5h-2c0 1.66-1.34 3-3 3s-3-1.34-3-3H9c0 1.66-1.34 3-3 3s-3-1.34-3-3H1V6c0-1.1.9-2 2-2h14v4h3z\"><\/path>\r\n                                        <\/svg>\r\n                                        Karayolu Ta\u015f\u0131mac\u0131l\u0131\u011f\u0131\r\n                                    <\/a><\/li>\r\n                                <li><a href=\"\/sea-freight.html\">\r\n                                        <svg viewbox=\"0 0 24 24\">\r\n                                            <path d=\"M20 21c-1.39 0-2.78-.47-4-1.32-2.44 1.71-5.56 1.71-8 0C6.78 20.53 5.39 21 4 21H2v2h2c1.38 0 2.74-.35 4-.99 2.52 1.29 5.48 1.29 8 0 1.26.65 2.62.99 4 .99h2v-2h-2zM3.95 19H4c1.6 0 3.02-.88 4-2 .98 1.12 2.4 2 4 2s3.02-.88 4-2c.98 1.12 2.4 2 4 2h.05l1.89-6.68c.08-.26.06-.54-.06-.78s-.34-.42-.6-.5L20 10.62V6c0-1.1-.9-2-2-2h-3V1H9v3H6c-1.1 0-2 .9-2 2v4.62l-1.29.42c-.26.08-.48.26-.6.5s-.15.52-.06.78L3.95 19zM6 6h12v3.97L12 8 6 9.97V6z\"><\/path>\r\n                                        <\/svg>\r\n                                        Deniz Ta\u015f\u0131mac\u0131l\u0131\u011f\u0131\r\n                                    <\/a><\/li>\r\n                                <li><a href=\"\/air-freight.html\">\r\n                                        <svg viewbox=\"0 0 24 24\">\r\n                                            <path d=\"M21 16v-2l-8-5V3.5c0-.83-.67-1.5-1.5-1.5S10 2.67 10 3.5V9l-8 5v2l8-2.5V19l-2 1.5V22l3.5-1 3.5 1v-1.5L13 19v-5.5l8 2.5z\"><\/path>\r\n                                        <\/svg>\r\n                                        Hava Kargo\r\n                                    <\/a><\/li>\r\n                            <\/ul>\r\n                        <\/div>\r\n\r\n                        <div class=\"uuyyye-sidebar-card uuyyye-sidebar-cta\">\r\n                            <h3 class=\"uuyyye-sidebar-title\">Fiyat teklifi mi istiyorsunuz?<\/h3>\r\n                            <p>Karayolu ta\u015f\u0131mac\u0131l\u0131\u011f\u0131 ihtiya\u00e7lar\u0131n\u0131z i\u00e7in bug\u00fcn rekabet\u00e7i bir fiyat teklifi al\u0131n.<\/p>\r\n                            <a href=\"\/quote.html\" class=\"uuyyye-btn\">Fiyat Teklifi Al\u0131n<\/a>\r\n                        <\/div>\r\n                    <\/aside>\r\n                <\/div>\r\n            <\/div>\r\n        <\/section>\r\n    <\/main>\r\n\r\n    <!-- ============================================\r\n       FOOTER - WordPress footer.php ready\r\n       ============================================ -->\r\n    \r\n\r\n    <div class=\"uuyyye-whatsapp\">\r\n        \r\n    <\/div>","protected":false},"excerpt":{"rendered":"<p>Road Freight Weekly departures to France, Germany, and Benelux with competitive pricing European Road Freight Solutions Daphne Leon Logistics, \u00f6zellikle Fransa, Almanya ve Benel\u00fcks \u00fclkeleri&#8230;<\/p>","protected":false},"author":1,"featured_media":0,"parent":0,"menu_order":0,"comment_status":"closed","ping_status":"closed","template":"template-raw.php","meta":{"footnotes":""},"class_list":["post-16","page","type-page","status-publish","hentry"],"_links":{"self":[{"href":"https:\/\/daphneleonlogistics.com\/tr\/wp-json\/wp\/v2\/pages\/16","targetHints":{"allow":["GET"]}}],"collection":[{"href":"https:\/\/daphneleonlogistics.com\/tr\/wp-json\/wp\/v2\/pages"}],"about":[{"href":"https:\/\/daphneleonlogistics.com\/tr\/wp-json\/wp\/v2\/types\/page"}],"author":[{"embeddable":true,"href":"https:\/\/daphneleonlogistics.com\/tr\/wp-json\/wp\/v2\/users\/1"}],"replies":[{"embeddable":true,"href":"https:\/\/daphneleonlogistics.com\/tr\/wp-json\/wp\/v2\/comments?post=16"}],"version-history":[{"count":6,"href":"https:\/\/daphneleonlogistics.com\/tr\/wp-json\/wp\/v2\/pages\/16\/revisions"}],"predecessor-version":[{"id":160,"href":"https:\/\/daphneleonlogistics.com\/tr\/wp-json\/wp\/v2\/pages\/16\/revisions\/160"}],"wp:attachment":[{"href":"https:\/\/daphneleonlogistics.com\/tr\/wp-json\/wp\/v2\/media?parent=16"}],"curies":[{"name":"wp","href":"https:\/\/api.w.org\/{rel}","templated":true}]}}