{"id":9,"date":"2026-02-13T06:51:02","date_gmt":"2026-02-13T06:51:02","guid":{"rendered":"https:\/\/red-boar-330824.hostingersite.com\/about\/"},"modified":"2026-03-25T07:32:37","modified_gmt":"2026-03-25T07:32:37","slug":"about","status":"publish","type":"page","link":"https:\/\/daphneleonlogistics.com\/tr\/about\/","title":{"rendered":"About"},"content":{"rendered":"<!-- ============================================\r\n       HEADER - WordPress header.php ready\r\n       ============================================ -->\r\n    \r\n\r\n    <main>\r\n        <section class=\"uuyyye-page-banner\">\r\n            <div class=\"uuyyye-container\">\r\n                \r\n                <h1 class=\"uuyyye-heading-xl uuyyye-page-title\">Hakk\u0131m\u0131zda<\/h1>\r\n                <p class=\"uuyyye-page-subtitle\">Uluslararas\u0131 ta\u015f\u0131mac\u0131l\u0131kta g\u00fcvenilir orta\u011f\u0131n\u0131z<\/p>\r\n            <\/div>\r\n        <\/section>\r\n\r\n        <!-- About Content -->\r\n        <section class=\"uuyyye-section\">\r\n            <div class=\"uuyyye-container\">\r\n                <div class=\"uuyyye-about-grid\">\r\n                    <div class=\"uuyyye-about-content\">\r\n                        <h2 class=\"uuyyye-heading-lg\">Daphne Leon Lojistik Hakk\u0131nda<\/h2>\r\n                        <p class=\"uuyyye-about-text\">Daphne Leon Logistics, uluslararas\u0131 y\u00fck ta\u015f\u0131mac\u0131l\u0131\u011f\u0131nda g\u00fcvenilir orta\u011f\u0131n\u0131zd\u0131r. Avrupa ve d\u00fcnya genelinde i\u015fletmeleri birbirine ba\u011flayan g\u00fcvenilir kara, deniz ve hava ta\u015f\u0131mac\u0131l\u0131\u011f\u0131 hizmetleri sunuyoruz.<\/p>\r\n                        <p class=\"uuyyye-about-text\">Deneyimli profesyonellerden olu\u015fan ekibimiz, uluslararas\u0131 ticaretin karma\u015f\u0131kl\u0131\u011f\u0131n\u0131 anl\u0131yor. \u0130ster tek bir palet g\u00f6nderiyor olun, ister karma\u015f\u0131k tedarik zincirlerini y\u00f6netiyor olun, mallar\u0131n\u0131z\u0131n g\u00fcvenli, zaman\u0131nda ve b\u00fct\u00e7e dahilinde ula\u015fmas\u0131n\u0131 sa\u011flayan \u00f6zel \u00e7\u00f6z\u00fcmler sunuyoruz.<\/p>\r\n                        <p class=\"uuyyye-about-text\">BIFA ve FIATA \u00fcyesi olarak, en y\u00fcksek sekt\u00f6r standartlar\u0131na ba\u011fl\u0131 kal\u0131yoruz. Sertifikalar\u0131m\u0131z, ele ald\u0131\u011f\u0131m\u0131z her g\u00f6nderide kaliteye, g\u00fcvenli\u011fe ve profesyonel m\u00fckemmelli\u011fe olan ba\u011fl\u0131l\u0131\u011f\u0131m\u0131z\u0131 g\u00f6stermektedir.<\/p>\r\n\r\n                        <div class=\"uuyyye-about-stats\">\r\n                            <div class=\"uuyyye-about-stat\">\r\n                                <div class=\"uuyyye-about-stat-number\">15+<\/div>\r\n                                <div class=\"uuyyye-about-stat-label\">Y\u0131llar\u0131n Deneyimi<\/div>\r\n                            <\/div>\r\n                            <div class=\"uuyyye-about-stat\">\r\n                                <div class=\"uuyyye-about-stat-number\">50+<\/div>\r\n                                <div class=\"uuyyye-about-stat-label\">\u00dclkeler<\/div>\r\n                            <\/div>\r\n                            <div class=\"uuyyye-about-stat\">\r\n                                <div class=\"uuyyye-about-stat-number\">1000+<\/div>\r\n                                <div class=\"uuyyye-about-stat-label\">M\u00fc\u015fteriler<\/div>\r\n                            <\/div>\r\n                        <\/div>\r\n                    <\/div>\r\n                    <div class=\"uuyyye-about-image\">\r\n                        <img decoding=\"async\" src=\"https:\/\/daphneleonlogistics.com\/wp-content\/uploads\/2026\/02\/1-7.jpg\" alt=\"Daphneleon Logistics Fleet\">\r\n                    <\/div>\r\n                <\/div>\r\n            <\/div>\r\n        <\/section>\r\n\r\n        <!-- Our Values -->\r\n        <section class=\"uuyyye-section\" style=\"background: var(--uuyyye-light-bg);\">\r\n            <div class=\"uuyyye-container\">\r\n                <div class=\"uuyyye-section-header\">\r\n                    <h2 class=\"uuyyye-heading-lg uuyyye-section-title\">De\u011ferlerimiz<\/h2>\r\n                    <p class=\"uuyyye-section-subtitle\">Yapt\u0131\u011f\u0131m\u0131z her \u015feye y\u00f6n veren ilkeler.<\/p>\r\n                <\/div>\r\n                <div class=\"uuyyye-values-grid\">\r\n                    <div class=\"uuyyye-value-card\">\r\n                        <div class=\"uuyyye-value-icon\"><svg viewbox=\"0 0 24 24\">\r\n                                <path d=\"M12 2C6.48 2 2 6.48 2 12s4.48 10 10 10 10-4.48 10-10S17.52 2 12 2zm-2 15l-5-5 1.41-1.41L10 14.17l7.59-7.59L19 8l-9 9z\"><\/path>\r\n                            <\/svg><\/div>\r\n                        <h3>G\u00fcvenilirlik<\/h3>\r\n                        <p>\u015eeffaf ileti\u015fimle tutarl\u0131 ve zaman\u0131nda teslimat.<\/p>\r\n                    <\/div>\r\n                    <div class=\"uuyyye-value-card\">\r\n                        <div class=\"uuyyye-value-icon\"><svg viewbox=\"0 0 24 24\">\r\n                                <path d=\"M12 1L3 5v6c0 5.55 3.84 10.74 9 12 5.16-1.26 9-6.45 9-12V5l-9-4z\"><\/path>\r\n                            <\/svg><\/div>\r\n                        <h3>G\u00fcvenlik<\/h3>\r\n                        <p>Yolculuk boyunca kargonuz i\u00e7in maksimum koruma<\/p>\r\n                    <\/div>\r\n                    <div class=\"uuyyye-value-card\">\r\n                        <div class=\"uuyyye-value-icon\"><svg viewbox=\"0 0 24 24\">\r\n                                <path d=\"M16 11c1.66 0 2.99-1.34 2.99-3S17.66 5 16 5c-1.66 0-3 1.34-3 3s1.34 3 3 3zm-8 0c1.66 0 2.99-1.34 2.99-3S9.66 5 8 5C6.34 5 5 6.34 5 8s1.34 3 3 3zm0 2c-2.33 0-7 1.17-7 3.5V19h14v-2.5c0-2.33-4.67-3.5-7-3.5zm8 0c-.29 0-.62.02-.97.05 1.16.84 1.97 1.97 1.97 3.45V19h6v-2.5c0-2.33-4.67-3.5-7-3.5z\"><\/path>\r\n                            <\/svg><\/div>\r\n                        <h3>Ortakl\u0131k<\/h3>\r\n                        <p>M\u00fc\u015fterilerimizle uzun vadeli ili\u015fkiler kurmak<\/p>\r\n                    <\/div>\r\n                    <div class=\"uuyyye-value-card\">\r\n                        <div class=\"uuyyye-value-icon\"><svg viewbox=\"0 0 24 24\">\r\n                                <path d=\"M12 2C6.48 2 2 6.48 2 12s4.48 10 10 10 10-4.48 10-10S17.52 2 12 2zm-1 17.93c-3.95-.49-7-3.85-7-7.93 0-.62.08-1.21.21-1.79L9 15v1c0 1.1.9 2 2 2v1.93z\"><\/path>\r\n                            <\/svg><\/div>\r\n                        <h3>K\u00fcresel Eri\u015fim<\/h3>\r\n                        <p>Avrupa ve d\u00fcnya \u00e7ap\u0131nda geni\u015f bir a\u011f.<\/p>\r\n                    <\/div>\r\n                <\/div>\r\n            <\/div>\r\n        <\/section>\r\n\r\n        <!-- CTA Section -->\r\n        <section class=\"uuyyye-section uuyyye-cta-section\">\r\n            <div class=\"uuyyye-container\">\r\n                <h2 class=\"uuyyye-heading-lg\" style=\"color: white; margin-bottom: 20px;\">Birlikte \u00e7al\u0131\u015fmaya haz\u0131r m\u0131s\u0131n\u0131z?<\/h2>\r\n                <p style=\"color: rgba(255,255,255,0.9); max-width: 600px; margin: 0 auto 30px;\">Nakliye ve lojistik ihtiya\u00e7lar\u0131n\u0131z\u0131 profesyonellik ve \u00f6zenle kar\u015f\u0131lamam\u0131za izin verin.<\/p>\r\n                <a href=\"\/quote.html\" class=\"uuyyye-btn\" style=\"background: white; color: var(--uuyyye-dark);\">Bug\u00fcn fiyat teklifi al\u0131n<\/a>\r\n            <\/div>\r\n        <\/section>\r\n    <\/main>\r\n\r\n    <!-- ============================================\r\n       FOOTER - WordPress footer.php ready\r\n       ============================================ -->\r\n    \r\n\r\n    <div class=\"uuyyye-whatsapp\">\r\n        \r\n    <\/div>","protected":false},"excerpt":{"rendered":"<p>About Us Your trusted partner for international freight Daphne Leon Lojistik Hakk\u0131nda Daphne Leon Logistics, uluslararas\u0131 y\u00fck ta\u015f\u0131mac\u0131l\u0131\u011f\u0131nda g\u00fcvenilir orta\u011f\u0131n\u0131zd\u0131r. Avrupa ve d\u00fcnya genelinde i\u015fletmeleri&#8230;<\/p>","protected":false},"author":1,"featured_media":141,"parent":0,"menu_order":0,"comment_status":"closed","ping_status":"closed","template":"template-raw.php","meta":{"footnotes":""},"class_list":["post-9","page","type-page","status-publish","has-post-thumbnail","hentry"],"_links":{"self":[{"href":"https:\/\/daphneleonlogistics.com\/tr\/wp-json\/wp\/v2\/pages\/9","targetHints":{"allow":["GET"]}}],"collection":[{"href":"https:\/\/daphneleonlogistics.com\/tr\/wp-json\/wp\/v2\/pages"}],"about":[{"href":"https:\/\/daphneleonlogistics.com\/tr\/wp-json\/wp\/v2\/types\/page"}],"author":[{"embeddable":true,"href":"https:\/\/daphneleonlogistics.com\/tr\/wp-json\/wp\/v2\/users\/1"}],"replies":[{"embeddable":true,"href":"https:\/\/daphneleonlogistics.com\/tr\/wp-json\/wp\/v2\/comments?post=9"}],"version-history":[{"count":7,"href":"https:\/\/daphneleonlogistics.com\/tr\/wp-json\/wp\/v2\/pages\/9\/revisions"}],"predecessor-version":[{"id":170,"href":"https:\/\/daphneleonlogistics.com\/tr\/wp-json\/wp\/v2\/pages\/9\/revisions\/170"}],"wp:featuredmedia":[{"embeddable":true,"href":"https:\/\/daphneleonlogistics.com\/tr\/wp-json\/wp\/v2\/media\/141"}],"wp:attachment":[{"href":"https:\/\/daphneleonlogistics.com\/tr\/wp-json\/wp\/v2\/media?parent=9"}],"curies":[{"name":"wp","href":"https:\/\/api.w.org\/{rel}","templated":true}]}}